{"id":3087,"date":"2024-08-01T16:30:52","date_gmt":"2024-08-01T21:30:52","guid":{"rendered":"https:\/\/www.enecon.net.co\/web\/?page_id=3087"},"modified":"2026-04-10T20:33:08","modified_gmt":"2026-04-11T01:33:08","slug":"transparencia-y-etica-empresarial","status":"publish","type":"page","link":"https:\/\/www.enecon.net.co\/web\/transparencia-y-etica-empresarial\/","title":{"rendered":"Transparencia y \u00e9tica empresarial"},"content":{"rendered":"\n<figure class=\"wp-block-embed is-type-video is-provider-youtube wp-block-embed-youtube wp-embed-aspect-16-9 wp-has-aspect-ratio\"><div class=\"wp-block-embed__wrapper\">\n<iframe loading=\"lazy\" title=\"PTEE  Programa de transparencia y \u00c9tica empresarial  MAZ\" width=\"500\" height=\"281\" src=\"https:\/\/www.youtube.com\/embed\/ZxhlERHRhSg?feature=oembed\" frameborder=\"0\" allow=\"accelerometer; autoplay; clipboard-write; encrypted-media; gyroscope; picture-in-picture; web-share\" referrerpolicy=\"strict-origin-when-cross-origin\" allowfullscreen><\/iframe>\n<\/div><\/figure>\n\n\n<h3 class=\"wp-block-post-title\">Transparencia y \u00e9tica empresarial<\/h3>\n\n\n<div style=\"height:100px\" aria-hidden=\"true\" class=\"wp-block-spacer\"><\/div>\n\n\n\n<p class=\"has-text-align-center has-large-font-size\">Reglamento interno de trabajo<\/p>\n\n\n\n<div style=\"height:50px\" aria-hidden=\"true\" class=\"wp-block-spacer\"><\/div>\n\n\n\n<div data-wp-interactive=\"core\/file\" class=\"wp-block-file\"><object data-wp-bind--hidden=\"!state.hasPdfPreview\" hidden class=\"wp-block-file__embed\" data=\"https:\/\/www.enecon.net.co\/web\/wp-content\/uploads\/2026\/03\/REGLAMENTO-DE-TRABAJO-ACTUALIZACION-2025.pdf\" type=\"application\/pdf\" style=\"width:100%;height:600px\" aria-label=\"Incrustado de REGLAMENTO DE TRABAJO ACTUALIZACI\u00d3N 2025.\"><\/object><a id=\"wp-block-file--media-2b40d6c9-fe36-4dd6-81bb-e052f43776e1\" href=\"https:\/\/www.enecon.net.co\/web\/wp-content\/uploads\/2026\/03\/REGLAMENTO-DE-TRABAJO-ACTUALIZACION-2025.pdf\">REGLAMENTO DE TRABAJO ACTUALIZACI\u00d3N 2025<\/a><a href=\"https:\/\/www.enecon.net.co\/web\/wp-content\/uploads\/2026\/03\/REGLAMENTO-DE-TRABAJO-ACTUALIZACION-2025.pdf\" class=\"wp-block-file__button wp-element-button\" download aria-describedby=\"wp-block-file--media-2b40d6c9-fe36-4dd6-81bb-e052f43776e1\">Descarga<\/a><\/div>\n\n\n\n<h2 class=\"wp-block-heading\">M\u00e1s informaci\u00f3n: <\/h2>\n\n\n\n<div class=\"wp-block-columns is-layout-flex wp-container-core-columns-is-layout-9d6595d7 wp-block-columns-is-layout-flex\">\n<div class=\"wp-block-column is-layout-flow wp-block-column-is-layout-flow\">\n<h4 class=\"wp-block-heading\">Tel\u00e9fonos de atenci\u00f3n<\/h4>\n\n\n\n<p>322 236 2649 \/ 324 683 9037<\/p>\n<\/div>\n\n\n\n<div class=\"wp-block-column is-layout-flow wp-block-column-is-layout-flow\">\n<h4 class=\"wp-block-heading\">Correo electr\u00f3nico<\/h4>\n\n\n\n<p>comercial@enecon.net.co<\/p>\n<\/div>\n<\/div>\n","protected":false},"excerpt":{"rendered":"<p>Reglamento interno de trabajo M\u00e1s informaci\u00f3n: Tel\u00e9fonos de atenci\u00f3n 322 236 2649 \/ 324 683 9037 Correo electr\u00f3nico comercial@enecon.net.co<\/p>\n","protected":false},"author":2,"featured_media":0,"parent":0,"menu_order":0,"comment_status":"closed","ping_status":"closed","template":"","meta":{"content-type":"","_joinchat":[],"footnotes":""},"class_list":["post-3087","page","type-page","status-publish","hentry"],"_links":{"self":[{"href":"https:\/\/www.enecon.net.co\/web\/wp-json\/wp\/v2\/pages\/3087","targetHints":{"allow":["GET"]}}],"collection":[{"href":"https:\/\/www.enecon.net.co\/web\/wp-json\/wp\/v2\/pages"}],"about":[{"href":"https:\/\/www.enecon.net.co\/web\/wp-json\/wp\/v2\/types\/page"}],"author":[{"embeddable":true,"href":"https:\/\/www.enecon.net.co\/web\/wp-json\/wp\/v2\/users\/2"}],"replies":[{"embeddable":true,"href":"https:\/\/www.enecon.net.co\/web\/wp-json\/wp\/v2\/comments?post=3087"}],"version-history":[{"count":9,"href":"https:\/\/www.enecon.net.co\/web\/wp-json\/wp\/v2\/pages\/3087\/revisions"}],"predecessor-version":[{"id":5513,"href":"https:\/\/www.enecon.net.co\/web\/wp-json\/wp\/v2\/pages\/3087\/revisions\/5513"}],"wp:attachment":[{"href":"https:\/\/www.enecon.net.co\/web\/wp-json\/wp\/v2\/media?parent=3087"}],"curies":[{"name":"wp","href":"https:\/\/api.w.org\/{rel}","templated":true}]}}