{"id":2529,"date":"2023-11-27T13:16:10","date_gmt":"2023-11-27T18:16:10","guid":{"rendered":"https:\/\/www.enecon.net.co\/web\/?page_id=2529"},"modified":"2024-11-14T17:17:56","modified_gmt":"2024-11-14T22:17:56","slug":"reporte-de-condiciones-y-o-actos-inseguros","status":"publish","type":"page","link":"https:\/\/www.enecon.net.co\/web\/reporte-de-condiciones-y-o-actos-inseguros\/","title":{"rendered":"REPORTE DE CONDICIONES Y\/O ACTOS INSEGUROS"},"content":{"rendered":"\n<div class=\"wpforms-container wpforms-container-full\" id=\"wpforms-2516\"><form id=\"wpforms-form-2516\" class=\"wpforms-validate wpforms-form wpforms-ajax-form\" data-formid=\"2516\" method=\"post\" enctype=\"multipart\/form-data\" action=\"\/web\/wp-json\/wp\/v2\/pages\/2529\" data-token=\"801ef7466dce1f58b601129ce8db0b2d\"><noscript class=\"wpforms-error-noscript\">Por favor, activa JavaScript en tu navegador para completar este formulario.<\/noscript><div class=\"wpforms-field-container\"><div id=\"wpforms-2516-field_1-container\" class=\"wpforms-field wpforms-field-date-time wpforms-one-half wpforms-first\" data-field-id=\"1\"><label class=\"wpforms-field-label\" for=\"wpforms-2516-field_1\">Fecha del reporte <span class=\"wpforms-required-label\">*<\/span><\/label><div class=\"wpforms-datepicker-wrap\"><input type=\"text\" id=\"wpforms-2516-field_1\" class=\"wpforms-field-date-time-date wpforms-datepicker wpforms-field-required wpforms-field-large\" data-date-format=\"m\/d\/Y\" data-disable-past-dates=\"0\" data-input=\"true\" name=\"wpforms[fields][1][date]\" required><a title=\"Borrar fecha\" data-clear class=\"wpforms-datepicker-clear\" style=\"display:none;\"><\/a><\/div><\/div><div id=\"wpforms-2516-field_3-container\" class=\"wpforms-field wpforms-field-text wpforms-one-half\" data-field-id=\"3\"><label class=\"wpforms-field-label\" for=\"wpforms-2516-field_3\">Ciudad <span class=\"wpforms-required-label\">*<\/span><\/label><input type=\"text\" id=\"wpforms-2516-field_3\" class=\"wpforms-field-large wpforms-field-required\" name=\"wpforms[fields][3]\" required><\/div><div id=\"wpforms-2516-field_5-container\" class=\"wpforms-field wpforms-field-text wpforms-one-half wpforms-first\" data-field-id=\"5\"><label class=\"wpforms-field-label\" for=\"wpforms-2516-field_5\">Contrato <span class=\"wpforms-required-label\">*<\/span><\/label><input type=\"text\" id=\"wpforms-2516-field_5\" class=\"wpforms-field-large wpforms-field-required\" name=\"wpforms[fields][5]\" required><\/div><div id=\"wpforms-2516-field_6-container\" class=\"wpforms-field wpforms-field-text wpforms-one-half\" data-field-id=\"6\"><label class=\"wpforms-field-label\" for=\"wpforms-2516-field_6\">Nombre<\/label><input type=\"text\" id=\"wpforms-2516-field_6\" class=\"wpforms-field-large\" name=\"wpforms[fields][6]\" ><\/div><div id=\"wpforms-2516-field_7-container\" class=\"wpforms-field wpforms-field-select wpforms-one-half wpforms-first wpforms-field-select-style-classic\" data-field-id=\"7\"><label class=\"wpforms-field-label\" for=\"wpforms-2516-field_7\">Rol <span class=\"wpforms-required-label\">*<\/span><\/label><select id=\"wpforms-2516-field_7\" class=\"wpforms-field-large wpforms-field-required\" name=\"wpforms[fields][7]\" required=\"required\"><option value=\"Empleado\" >Empleado<\/option><option value=\"Contratista\" >Contratista<\/option><option value=\"Visitante\" >Visitante<\/option><\/select><\/div><div id=\"wpforms-2516-field_8-container\" class=\"wpforms-field wpforms-field-text wpforms-one-half\" data-field-id=\"8\"><label class=\"wpforms-field-label\" for=\"wpforms-2516-field_8\">\u00c1rea, Lugar <span class=\"wpforms-required-label\">*<\/span><\/label><input type=\"text\" id=\"wpforms-2516-field_8\" class=\"wpforms-field-large wpforms-field-required\" name=\"wpforms[fields][8]\" required><\/div><div id=\"wpforms-2516-field_43-container\" class=\"wpforms-field wpforms-field-html\" data-field-id=\"43\"><div id=\"wpforms-2516-field_43\"><h1 style=\"color:#000; font-size:18px;\">CONDICIONES INSEGURAS<\/h1><\/div><\/div><div id=\"wpforms-2516-field_38-container\" class=\"wpforms-field wpforms-field-select wpforms-field-select-style-classic\" data-field-id=\"38\"><label class=\"wpforms-field-label\" for=\"wpforms-2516-field_38\">Equipos, herramientas y materiales defectuosos, con deterioro y\/o sin guarda de protecci\u00f3n.<\/label><select id=\"wpforms-2516-field_38\" class=\"wpforms-field-medium\" name=\"wpforms[fields][38]\"><option value=\"Si\" >Si<\/option><option value=\"No\"  selected='selected'>No<\/option><\/select><\/div><div id=\"wpforms-2516-field_19-container\" class=\"wpforms-field wpforms-field-select wpforms-field-select-style-classic\" data-field-id=\"19\"><label class=\"wpforms-field-label\" for=\"wpforms-2516-field_19\">Mecanismos en movimiento<\/label><select id=\"wpforms-2516-field_19\" class=\"wpforms-field-medium\" name=\"wpforms[fields][19]\"><option value=\"Si\" >Si<\/option><option value=\"No\"  selected='selected'>No<\/option><\/select><\/div><div id=\"wpforms-2516-field_20-container\" class=\"wpforms-field wpforms-field-select wpforms-field-select-style-classic\" data-field-id=\"20\"><label class=\"wpforms-field-label\" for=\"wpforms-2516-field_20\">Espacio inadecuado de zonas de trabajo, pasillo y salidas.<\/label><select id=\"wpforms-2516-field_20\" class=\"wpforms-field-medium\" name=\"wpforms[fields][20]\"><option value=\"Si\" >Si<\/option><option value=\"No\"  selected='selected'>No<\/option><\/select><\/div><div id=\"wpforms-2516-field_21-container\" class=\"wpforms-field wpforms-field-select wpforms-field-select-style-classic\" data-field-id=\"21\"><label class=\"wpforms-field-label\" for=\"wpforms-2516-field_21\">Sistemas de se\u00f1alizaci\u00f3n ausente y\/o deficiente<\/label><select id=\"wpforms-2516-field_21\" class=\"wpforms-field-medium\" name=\"wpforms[fields][21]\"><option value=\"Si\" >Si<\/option><option value=\"No\"  selected='selected'>No<\/option><\/select><\/div><div id=\"wpforms-2516-field_22-container\" class=\"wpforms-field wpforms-field-select wpforms-field-select-style-classic\" data-field-id=\"22\"><label class=\"wpforms-field-label\" for=\"wpforms-2516-field_22\">Falta de orden y aseo<\/label><select id=\"wpforms-2516-field_22\" class=\"wpforms-field-medium\" name=\"wpforms[fields][22]\"><option value=\"Si\" >Si<\/option><option value=\"No\"  selected='selected'>No<\/option><\/select><\/div><div id=\"wpforms-2516-field_23-container\" class=\"wpforms-field wpforms-field-select wpforms-field-select-style-classic\" data-field-id=\"23\"><label class=\"wpforms-field-label\" for=\"wpforms-2516-field_23\">Condiciones de almacenamiento<\/label><select id=\"wpforms-2516-field_23\" class=\"wpforms-field-medium\" name=\"wpforms[fields][23]\"><option value=\"Si\" >Si<\/option><option value=\"No\"  selected='selected'>No<\/option><\/select><\/div><div id=\"wpforms-2516-field_24-container\" class=\"wpforms-field wpforms-field-select wpforms-field-select-style-classic\" data-field-id=\"24\"><label class=\"wpforms-field-label\" for=\"wpforms-2516-field_24\">Deterioro de las condiciones locativas<\/label><select id=\"wpforms-2516-field_24\" class=\"wpforms-field-medium\" name=\"wpforms[fields][24]\"><option value=\"Si\" >Si<\/option><option value=\"No\"  selected='selected'>No<\/option><\/select><\/div><div id=\"wpforms-2516-field_25-container\" class=\"wpforms-field wpforms-field-select wpforms-field-select-style-classic\" data-field-id=\"25\"><label class=\"wpforms-field-label\" for=\"wpforms-2516-field_25\">Conexiones peligrosas<\/label><select id=\"wpforms-2516-field_25\" class=\"wpforms-field-medium\" name=\"wpforms[fields][25]\"><option value=\"Si\" >Si<\/option><option value=\"No\"  selected='selected'>No<\/option><\/select><\/div><div id=\"wpforms-2516-field_26-container\" class=\"wpforms-field wpforms-field-select wpforms-field-select-style-classic\" data-field-id=\"26\"><label class=\"wpforms-field-label\" for=\"wpforms-2516-field_26\">Almacenamiento de sustancias qu\u00edmicas<\/label><select id=\"wpforms-2516-field_26\" class=\"wpforms-field-medium\" name=\"wpforms[fields][26]\"><option value=\"Si\" >Si<\/option><option value=\"No\"  selected='selected'>No<\/option><\/select><\/div><div id=\"wpforms-2516-field_27-container\" class=\"wpforms-field wpforms-field-select wpforms-field-select-style-classic\" data-field-id=\"27\"><label class=\"wpforms-field-label\" for=\"wpforms-2516-field_27\">Ausencia de hojas de seguridad y\/o rotulaci\u00f3n<\/label><select id=\"wpforms-2516-field_27\" class=\"wpforms-field-medium\" name=\"wpforms[fields][27]\"><option value=\"Si\" >Si<\/option><option value=\"No\"  selected='selected'>No<\/option><\/select><\/div><div id=\"wpforms-2516-field_28-container\" class=\"wpforms-field wpforms-field-select wpforms-field-select-style-classic\" data-field-id=\"28\"><label class=\"wpforms-field-label\" for=\"wpforms-2516-field_28\">Falta de mantenimiento predictivo-preventivo de equipos y herramientas<\/label><select id=\"wpforms-2516-field_28\" class=\"wpforms-field-medium\" name=\"wpforms[fields][28]\"><option value=\"Si\" >Si<\/option><option value=\"No\"  selected='selected'>No<\/option><\/select><\/div><div id=\"wpforms-2516-field_29-container\" class=\"wpforms-field wpforms-field-select wpforms-field-select-style-classic\" data-field-id=\"29\"><label class=\"wpforms-field-label\" for=\"wpforms-2516-field_29\">M\u00e9todo o procedimiento inadecuado, inseguro y\/o peligroso.<\/label><select id=\"wpforms-2516-field_29\" class=\"wpforms-field-medium\" name=\"wpforms[fields][29]\"><option value=\"Si\" >Si<\/option><option value=\"No\"  selected='selected'>No<\/option><\/select><\/div><div id=\"wpforms-2516-field_30-container\" class=\"wpforms-field wpforms-field-select wpforms-field-select-style-classic\" data-field-id=\"30\"><label class=\"wpforms-field-label\" for=\"wpforms-2516-field_30\">Funcionamiento anormal de equipos. <\/label><select id=\"wpforms-2516-field_30\" class=\"wpforms-field-medium\" name=\"wpforms[fields][30]\"><option value=\"Si\" >Si<\/option><option value=\"No\"  selected='selected'>No<\/option><\/select><\/div><div id=\"wpforms-2516-field_31-container\" class=\"wpforms-field wpforms-field-select wpforms-field-select-style-classic\" data-field-id=\"31\"><label class=\"wpforms-field-label\" for=\"wpforms-2516-field_31\">Piso h\u00famedo o con desnivel <\/label><select id=\"wpforms-2516-field_31\" class=\"wpforms-field-medium\" name=\"wpforms[fields][31]\"><option value=\"Si\" >Si<\/option><option value=\"No\"  selected='selected'>No<\/option><\/select><\/div><div id=\"wpforms-2516-field_32-container\" class=\"wpforms-field wpforms-field-select wpforms-field-select-style-classic\" data-field-id=\"32\"><label class=\"wpforms-field-label\" for=\"wpforms-2516-field_32\">Contaminaci\u00f3n ambiental por derrames, vertimientos, emisiones de gases, vapores y otros.<\/label><select id=\"wpforms-2516-field_32\" class=\"wpforms-field-medium\" name=\"wpforms[fields][32]\"><option value=\"Si\" >Si<\/option><option value=\"No\"  selected='selected'>No<\/option><\/select><\/div><div id=\"wpforms-2516-field_33-container\" class=\"wpforms-field wpforms-field-select wpforms-field-select-style-classic\" data-field-id=\"33\"><label class=\"wpforms-field-label\" for=\"wpforms-2516-field_33\">Ambientes de trabajo inadecuado (Iluminaci\u00f3n, temperatura, ventilaci\u00f3n, humedad y ruido) <\/label><select id=\"wpforms-2516-field_33\" class=\"wpforms-field-medium\" name=\"wpforms[fields][33]\"><option value=\"Si\" >Si<\/option><option value=\"No\"  selected='selected'>No<\/option><\/select><\/div><div id=\"wpforms-2516-field_34-container\" class=\"wpforms-field wpforms-field-select wpforms-field-select-style-classic\" data-field-id=\"34\"><label class=\"wpforms-field-label\" for=\"wpforms-2516-field_34\">Ausencia de demarcaci\u00f3n de zonas temporales como: componente pendiente por reparaci\u00f3n, pendiente por inspecci\u00f3n de recibo y zona cero.<\/label><select id=\"wpforms-2516-field_34\" class=\"wpforms-field-medium\" name=\"wpforms[fields][34]\"><option value=\"Si\" >Si<\/option><option value=\"No\"  selected='selected'>No<\/option><\/select><\/div><div id=\"wpforms-2516-field_35-container\" class=\"wpforms-field wpforms-field-select wpforms-field-select-style-classic\" data-field-id=\"35\"><label class=\"wpforms-field-label\" for=\"wpforms-2516-field_35\">EPP en mal estado<\/label><select id=\"wpforms-2516-field_35\" class=\"wpforms-field-medium\" name=\"wpforms[fields][35]\"><option value=\"Si\" >Si<\/option><option value=\"No\"  selected='selected'>No<\/option><\/select><\/div><div id=\"wpforms-2516-field_36-container\" class=\"wpforms-field wpforms-field-select wpforms-field-select-style-classic\" data-field-id=\"36\"><label class=\"wpforms-field-label\" for=\"wpforms-2516-field_36\">Programaci\u00f3n de actividades simultaneas<\/label><select id=\"wpforms-2516-field_36\" class=\"wpforms-field-medium\" name=\"wpforms[fields][36]\"><option value=\"Si\" >Si<\/option><option value=\"No\"  selected='selected'>No<\/option><\/select><\/div><div id=\"wpforms-2516-field_37-container\" class=\"wpforms-field wpforms-field-text\" data-field-id=\"37\"><label class=\"wpforms-field-label\" for=\"wpforms-2516-field_37\">Otras \u00bfCu\u00e1l?<\/label><input type=\"text\" id=\"wpforms-2516-field_37\" class=\"wpforms-field-medium\" name=\"wpforms[fields][37]\" ><\/div><div id=\"wpforms-2516-field_44-container\" class=\"wpforms-field wpforms-field-html\" data-field-id=\"44\"><div id=\"wpforms-2516-field_44\"><h1 style=\"color:#000; font-size:18px;\">ACTOS INSEGUROS<\/h1><\/div><\/div><div id=\"wpforms-2516-field_45-container\" class=\"wpforms-field wpforms-field-select wpforms-field-select-style-classic\" data-field-id=\"45\"><label class=\"wpforms-field-label\" for=\"wpforms-2516-field_45\">Operar equipos sin autorizaci\u00f3n<\/label><select id=\"wpforms-2516-field_45\" class=\"wpforms-field-medium\" name=\"wpforms[fields][45]\"><option value=\"Si\" >Si<\/option><option value=\"No\"  selected='selected'>No<\/option><\/select><\/div><div id=\"wpforms-2516-field_46-container\" class=\"wpforms-field wpforms-field-select wpforms-field-select-style-classic\" data-field-id=\"46\"><label class=\"wpforms-field-label\" for=\"wpforms-2516-field_46\">Almacenamiento inapropiado<\/label><select id=\"wpforms-2516-field_46\" class=\"wpforms-field-medium\" name=\"wpforms[fields][46]\"><option value=\"Si\" >Si<\/option><option value=\"No\"  selected='selected'>No<\/option><\/select><\/div><div id=\"wpforms-2516-field_47-container\" class=\"wpforms-field wpforms-field-select wpforms-field-select-style-classic\" data-field-id=\"47\"><label class=\"wpforms-field-label\" for=\"wpforms-2516-field_47\">Manejo inapropiado de materiales, herramientas y\/o equipos<\/label><select id=\"wpforms-2516-field_47\" class=\"wpforms-field-medium\" name=\"wpforms[fields][47]\"><option value=\"Si\" >Si<\/option><option value=\"No\"  selected='selected'>No<\/option><\/select><\/div><div id=\"wpforms-2516-field_48-container\" class=\"wpforms-field wpforms-field-select wpforms-field-select-style-classic\" data-field-id=\"48\"><label class=\"wpforms-field-label\" for=\"wpforms-2516-field_48\">Posturas inadecuadas para la tarea u actividad.<\/label><select id=\"wpforms-2516-field_48\" class=\"wpforms-field-medium\" name=\"wpforms[fields][48]\"><option value=\"Si\" >Si<\/option><option value=\"No\"  selected='selected'>No<\/option><\/select><\/div><div id=\"wpforms-2516-field_49-container\" class=\"wpforms-field wpforms-field-select wpforms-field-select-style-classic\" data-field-id=\"49\"><label class=\"wpforms-field-label\" for=\"wpforms-2516-field_49\">Levantamiento inadecuado de carga<\/label><select id=\"wpforms-2516-field_49\" class=\"wpforms-field-medium\" name=\"wpforms[fields][49]\"><option value=\"Si\" >Si<\/option><option value=\"No\"  selected='selected'>No<\/option><\/select><\/div><div id=\"wpforms-2516-field_50-container\" class=\"wpforms-field wpforms-field-select wpforms-field-select-style-classic\" data-field-id=\"50\"><label class=\"wpforms-field-label\" for=\"wpforms-2516-field_50\">No Uso de EPP<\/label><select id=\"wpforms-2516-field_50\" class=\"wpforms-field-medium\" name=\"wpforms[fields][50]\"><option value=\"Si\" >Si<\/option><option value=\"No\"  selected='selected'>No<\/option><\/select><\/div><div id=\"wpforms-2516-field_51-container\" class=\"wpforms-field wpforms-field-select wpforms-field-select-style-classic\" data-field-id=\"51\"><label class=\"wpforms-field-label\" for=\"wpforms-2516-field_51\">Uso inadecuado de EPP<\/label><select id=\"wpforms-2516-field_51\" class=\"wpforms-field-medium\" name=\"wpforms[fields][51]\"><option value=\"Si\" >Si<\/option><option value=\"No\"  selected='selected'>No<\/option><\/select><\/div><div id=\"wpforms-2516-field_52-container\" class=\"wpforms-field wpforms-field-select wpforms-field-select-style-classic\" data-field-id=\"52\"><label class=\"wpforms-field-label\" for=\"wpforms-2516-field_52\">Omitir acciones de procedimientos seguros<\/label><select id=\"wpforms-2516-field_52\" class=\"wpforms-field-medium\" name=\"wpforms[fields][52]\"><option value=\"Si\" >Si<\/option><option value=\"No\"  selected='selected'>No<\/option><\/select><\/div><div id=\"wpforms-2516-field_53-container\" class=\"wpforms-field wpforms-field-select wpforms-field-select-style-classic\" data-field-id=\"53\"><label class=\"wpforms-field-label\" for=\"wpforms-2516-field_53\">Ejecutar actividades bajo los efectos de SPA.<\/label><select id=\"wpforms-2516-field_53\" class=\"wpforms-field-medium\" name=\"wpforms[fields][53]\"><option value=\"Si\" >Si<\/option><option value=\"No\"  selected='selected'>No<\/option><\/select><\/div><div id=\"wpforms-2516-field_54-container\" class=\"wpforms-field wpforms-field-select wpforms-field-select-style-classic\" data-field-id=\"54\"><label class=\"wpforms-field-label\" for=\"wpforms-2516-field_54\">Manejo inadecuado de sustancias qu\u00edmicas<\/label><select id=\"wpforms-2516-field_54\" class=\"wpforms-field-medium\" name=\"wpforms[fields][54]\"><option value=\"Si\" >Si<\/option><option value=\"No\"  selected='selected'>No<\/option><\/select><\/div><div id=\"wpforms-2516-field_55-container\" class=\"wpforms-field wpforms-field-select wpforms-field-select-style-classic\" data-field-id=\"55\"><label class=\"wpforms-field-label\" for=\"wpforms-2516-field_55\">Limpiar, lubricar y ajustar equipos en movimiento o con presurizaci\u00f3n<\/label><select id=\"wpforms-2516-field_55\" class=\"wpforms-field-medium\" name=\"wpforms[fields][55]\"><option value=\"Si\" >Si<\/option><option value=\"No\"  selected='selected'>No<\/option><\/select><\/div><div id=\"wpforms-2516-field_56-container\" class=\"wpforms-field wpforms-field-select wpforms-field-select-style-classic\" data-field-id=\"56\"><label class=\"wpforms-field-label\" for=\"wpforms-2516-field_56\">Transitar por \u00e1reas peligrosas <\/label><select id=\"wpforms-2516-field_56\" class=\"wpforms-field-medium\" name=\"wpforms[fields][56]\"><option value=\"Si\" >Si<\/option><option value=\"No\"  selected='selected'>No<\/option><\/select><\/div><div id=\"wpforms-2516-field_57-container\" class=\"wpforms-field wpforms-field-select wpforms-field-select-style-classic\" data-field-id=\"57\"><label class=\"wpforms-field-label\" for=\"wpforms-2516-field_57\">Disposici\u00f3n inadecuada de residuos<\/label><select id=\"wpforms-2516-field_57\" class=\"wpforms-field-medium\" name=\"wpforms[fields][57]\"><option value=\"Si\" >Si<\/option><option value=\"No\"  selected='selected'>No<\/option><\/select><\/div><div id=\"wpforms-2516-field_58-container\" class=\"wpforms-field wpforms-field-select wpforms-field-select-style-classic\" data-field-id=\"58\"><label class=\"wpforms-field-label\" for=\"wpforms-2516-field_58\">Ejecuci\u00f3n de actividades simultaneas inseguras. <\/label><select id=\"wpforms-2516-field_58\" class=\"wpforms-field-medium\" name=\"wpforms[fields][58]\"><option value=\"Si\" >Si<\/option><option value=\"No\"  selected='selected'>No<\/option><\/select><\/div><div id=\"wpforms-2516-field_59-container\" class=\"wpforms-field wpforms-field-select wpforms-field-select-style-classic\" data-field-id=\"59\"><label class=\"wpforms-field-label\" for=\"wpforms-2516-field_59\">Circulaci\u00f3n peatonal sin identificaci\u00f3n visible (Carn\u00e9 y\/o chaleco)<\/label><select id=\"wpforms-2516-field_59\" class=\"wpforms-field-medium\" name=\"wpforms[fields][59]\"><option value=\"Si\" >Si<\/option><option value=\"No\"  selected='selected'>No<\/option><\/select><\/div><div id=\"wpforms-2516-field_60-container\" class=\"wpforms-field wpforms-field-text\" data-field-id=\"60\"><label class=\"wpforms-field-label\" for=\"wpforms-2516-field_60\">Otras \u00bfCu\u00e1l?<\/label><input type=\"text\" id=\"wpforms-2516-field_60\" class=\"wpforms-field-medium\" name=\"wpforms[fields][60]\" ><\/div><div id=\"wpforms-2516-field_61-container\" class=\"wpforms-field wpforms-field-text\" data-field-id=\"61\"><label class=\"wpforms-field-label\" for=\"wpforms-2516-field_61\">Describe el evento <span class=\"wpforms-required-label\">*<\/span><\/label><input type=\"text\" id=\"wpforms-2516-field_61\" class=\"wpforms-field-medium wpforms-field-required\" name=\"wpforms[fields][61]\" required><\/div><div id=\"wpforms-2516-field_62-container\" class=\"wpforms-field wpforms-field-text\" data-field-id=\"62\"><label class=\"wpforms-field-label\" for=\"wpforms-2516-field_62\">Danos tus recomendaciones para mejorar <span class=\"wpforms-required-label\">*<\/span><\/label><input type=\"text\" id=\"wpforms-2516-field_62\" class=\"wpforms-field-medium wpforms-field-required\" name=\"wpforms[fields][62]\" required><\/div><\/div><div class=\"wpforms-submit-container\" ><input type=\"hidden\" name=\"wpforms[id]\" value=\"2516\"><input type=\"hidden\" name=\"wpforms[author]\" value=\"2\"><button type=\"submit\" name=\"wpforms[submit]\" class=\"wpforms-submit \" id=\"wpforms-submit-2516\" value=\"wpforms-submit\" aria-live=\"assertive\" data-alt-text=\"Enviando...\" data-submit-text=\"Enviar\">Enviar<\/button><img loading=\"lazy\" decoding=\"async\" src=\"https:\/\/www.enecon.net.co\/web\/wp-content\/plugins\/wpforms\/assets\/images\/submit-spin.svg\" class=\"wpforms-submit-spinner\" style=\"display: none;\" width=\"26\" height=\"26\" alt=\"\"><\/div><\/form><\/div>  <!-- .wpforms-container -->\n","protected":false},"excerpt":{"rendered":"","protected":false},"author":2,"featured_media":0,"parent":0,"menu_order":0,"comment_status":"closed","ping_status":"closed","template":"","meta":{"content-type":"","_joinchat":[],"footnotes":""},"class_list":["post-2529","page","type-page","status-publish","hentry"],"_links":{"self":[{"href":"https:\/\/www.enecon.net.co\/web\/wp-json\/wp\/v2\/pages\/2529","targetHints":{"allow":["GET"]}}],"collection":[{"href":"https:\/\/www.enecon.net.co\/web\/wp-json\/wp\/v2\/pages"}],"about":[{"href":"https:\/\/www.enecon.net.co\/web\/wp-json\/wp\/v2\/types\/page"}],"author":[{"embeddable":true,"href":"https:\/\/www.enecon.net.co\/web\/wp-json\/wp\/v2\/users\/2"}],"replies":[{"embeddable":true,"href":"https:\/\/www.enecon.net.co\/web\/wp-json\/wp\/v2\/comments?post=2529"}],"version-history":[{"count":5,"href":"https:\/\/www.enecon.net.co\/web\/wp-json\/wp\/v2\/pages\/2529\/revisions"}],"predecessor-version":[{"id":3581,"href":"https:\/\/www.enecon.net.co\/web\/wp-json\/wp\/v2\/pages\/2529\/revisions\/3581"}],"wp:attachment":[{"href":"https:\/\/www.enecon.net.co\/web\/wp-json\/wp\/v2\/media?parent=2529"}],"curies":[{"name":"wp","href":"https:\/\/api.w.org\/{rel}","templated":true}]}}