{"id":1553,"date":"2023-05-22T12:52:59","date_gmt":"2023-05-22T17:52:59","guid":{"rendered":"https:\/\/www.enecon.net.co\/web\/?page_id=1553"},"modified":"2023-05-22T12:52:59","modified_gmt":"2023-05-22T17:52:59","slug":"proveedores","status":"publish","type":"page","link":"https:\/\/www.enecon.net.co\/web\/proveedores\/","title":{"rendered":"Proveedores"},"content":{"rendered":"\n<p>Gracias por su inter\u00e9s en ser uno de nuestros proveedores. Para trabajar de la mano con ENECON S.A.S. por favor diligencie el siguiente formulario.<\/p>\n\n\n<div class=\"jet-fb-form-block\" data-is-block=\"jet-forms\/form-block\"><style id=\"jet-form-builder-1527-inline-css\"><\/style><form  class=\"jet-form-builder layout-column submit-type-ajax\" action=\"https:\/\/www.enecon.net.co\/web\/wp-json\/wp\/v2\/pages\/1553\/?J3TB3m=XN5mVHkgy2&amp;method=reload\" method=\"POST\" data-form-id=\"1527\" data-layout=\"column\" enctype=\"multipart\/form-data\" novalidate=\"null\" ssr_validation_method=\"rest\">\r\n<input type=\"hidden\" name=\"_jfb_current_render_states[]\" value=\"DEFAULT.STATE\" data-jfb-sync \/><input type=\"hidden\" class=\"jet-form-builder__field hidden-field\" name=\"_jet_engine_booking_form_id\" data-field-name=\"_jet_engine_booking_form_id\" value=\"1527\">\n<input type=\"hidden\" class=\"jet-form-builder__field hidden-field\" name=\"_jet_engine_refer\" data-field-name=\"_jet_engine_refer\" value=\"https:\/\/www.enecon.net.co\/web\/wp-json\/wp\/v2\/pages\/1553\/\">\n<input type=\"hidden\" class=\"jet-form-builder__field hidden-field\" name=\"__queried_post_id\" data-field-name=\"__queried_post_id\" value=\"1553\">\n<div  class=\"jet-form-builder-row field-type-text-field\" >\n<div class=\"jet-form-builder__label\">\r\n<div class=\"jet-form-builder__label-text\">Nombre o Raz\u00f3n Social <span class=\"jet-form-builder__required\">*<\/span><\/div><\/div><div class=\"jet-form-builder__field-wrap\">\n\t\t\t\t<input required=\"required\" name=\"nombre_razon_social\" id=\"nombre_razon_social\" type=\"text\" data-field-name=\"nombre_razon_social\" class=\"jet-form-builder__field text-field\" data-jfb-sync=\"null\" autocomplete=\"off_6xT07eF8\">\n\t\t\t\t\t<\/div>\n<\/div>\n\n<div  class=\"jet-form-builder-row field-type-text-field\" >\n<div class=\"jet-form-builder__label\">\r\n<div class=\"jet-form-builder__label-text\">NIT <span class=\"jet-form-builder__required\">*<\/span><\/div><\/div><div class=\"jet-form-builder__field-wrap\">\n\t\t\t\t<input required=\"required\" name=\"numero_id\" id=\"numero_id\" type=\"text\" data-field-name=\"numero_id\" class=\"jet-form-builder__field text-field\" data-jfb-sync=\"null\" autocomplete=\"off_3C5FzXPc\">\n\t\t\t\t\t<\/div>\n<\/div>\n\n<div  class=\"jet-form-builder-row field-type-select-field wp-block-jet-forms-select-field\">\n<div class=\"jet-form-builder__label\">\r\n<div class=\"jet-form-builder__label-text\">Tipo de Proveedor <span class=\"jet-form-builder__required\">*<\/span><\/div><\/div><div class=\"jet-form-builder__field-wrap\">\n\t<select class=\"jet-form-builder__field select-field form-styled\" required=\"required\" name=\"tipo_proveedor\" data-field-name=\"tipo_proveedor\" id=\"tipo_proveedor\" data-jfb-sync=\"null\">\n\t\t<option value=\"Nacional\" >Nacional<\/option><option value=\"Internacional\" >Internacional<\/option>\t<\/select>\n<\/div>\n<\/div>\n\n<div  class=\"jet-form-builder-row field-type-text-field\" >\n<div class=\"jet-form-builder__label\">\r\n<div class=\"jet-form-builder__label-text\">Direcci\u00f3n <span class=\"jet-form-builder__required\">*<\/span><\/div><\/div><div class=\"jet-form-builder__field-wrap\">\n\t\t\t\t<input required=\"required\" name=\"direccion\" id=\"direccion\" type=\"text\" data-field-name=\"direccion\" class=\"jet-form-builder__field text-field\" data-jfb-sync=\"null\" autocomplete=\"off_S1zGrXfe\">\n\t\t\t\t\t<\/div>\n<\/div>\n\n<div  class=\"jet-form-builder-row field-type-text-field\" >\n<div class=\"jet-form-builder__label\">\r\n<div class=\"jet-form-builder__label-text\">Departamento <span class=\"jet-form-builder__required\">*<\/span><\/div><\/div><div class=\"jet-form-builder__field-wrap\">\n\t\t\t\t<input required=\"required\" name=\"departamento\" id=\"departamento\" type=\"text\" data-field-name=\"departamento\" class=\"jet-form-builder__field text-field\" data-jfb-sync=\"null\" autocomplete=\"off_oYXUq9V4\">\n\t\t\t\t\t<\/div>\n<\/div>\n\n<div  class=\"jet-form-builder-row field-type-text-field\" >\n<div class=\"jet-form-builder__label\">\r\n<div class=\"jet-form-builder__label-text\">Ciudad <span class=\"jet-form-builder__required\">*<\/span><\/div><\/div><div class=\"jet-form-builder__field-wrap\">\n\t\t\t\t<input required=\"required\" name=\"ciudad\" id=\"ciudad\" type=\"text\" data-field-name=\"ciudad\" class=\"jet-form-builder__field text-field\" data-jfb-sync=\"null\" autocomplete=\"off_5OE4mNog\">\n\t\t\t\t\t<\/div>\n<\/div>\n\n<div  class=\"jet-form-builder-row field-type-text-field\" >\n<div class=\"jet-form-builder__label\">\r\n<div class=\"jet-form-builder__label-text\">Tel\u00e9fono <span class=\"jet-form-builder__required\">*<\/span><\/div><\/div><div class=\"jet-form-builder__field-wrap\">\n\t\t\t\t<input required=\"required\" name=\"telefono\" id=\"telefono\" type=\"text\" data-field-name=\"telefono\" class=\"jet-form-builder__field text-field\" data-jfb-sync=\"null\" autocomplete=\"off_UoWgjYJQ\">\n\t\t\t\t\t<\/div>\n<\/div>\n\n<div  class=\"jet-form-builder-row field-type-text-field\" >\n<div class=\"jet-form-builder__label\">\r\n<div class=\"jet-form-builder__label-text\">Nombre de contacto <span class=\"jet-form-builder__required\">*<\/span><\/div><\/div><div class=\"jet-form-builder__field-wrap\">\n\t\t\t\t<input required=\"required\" name=\"nombre_contacto\" id=\"nombre_contacto\" type=\"text\" data-field-name=\"nombre_contacto\" class=\"jet-form-builder__field text-field\" data-jfb-sync=\"null\" autocomplete=\"off_xsdnwgTh\">\n\t\t\t\t\t<\/div><div class=\"jet-form-builder__desc\"><small>Nombre de contacto encargado<\/small><\/div>\n<\/div>\n\n<div  class=\"jet-form-builder-row field-type-text-field\" >\n<div class=\"jet-form-builder__label\">\r\n<div class=\"jet-form-builder__label-text\">Cargo <span class=\"jet-form-builder__required\">*<\/span><\/div><\/div><div class=\"jet-form-builder__field-wrap\">\n\t\t\t\t<input required=\"required\" name=\"cargo\" id=\"cargo\" type=\"text\" data-field-name=\"cargo\" class=\"jet-form-builder__field text-field\" data-jfb-sync=\"null\" autocomplete=\"off_cI5JM427\">\n\t\t\t\t\t<\/div>\n<\/div>\n\n<div  class=\"jet-form-builder-row field-type-text-field\" >\n<div class=\"jet-form-builder__label\">\r\n<div class=\"jet-form-builder__label-text\">Correo de contacto <span class=\"jet-form-builder__required\">*<\/span><\/div><\/div><div class=\"jet-form-builder__field-wrap\">\n\t\t\t\t<input required=\"required\" name=\"correo_electronico\" id=\"correo_electronico\" type=\"text\" data-field-name=\"correo_electronico\" class=\"jet-form-builder__field text-field\" data-jfb-sync=\"null\" autocomplete=\"off_GdzYkBAl\">\n\t\t\t\t\t<\/div>\n<\/div>\n\n<div  data-validation-type=\"advanced\" data-validation-messages=\"{&quot;max_size&quot;:&quot;Maximum file size: %max_size%&quot;,&quot;file_ext&quot;:&quot;auto_awesome Traducir del: ingl\u00e9s 29 \\\/ 5.000 Resultados de traducci\u00f3n Resultado de traducci\u00f3n El tipo de archivo no est\u00e1 permitido.&quot;,&quot;file_max_size&quot;:&quot;El tama\u00f1o del archivo no puede exceder %this(max_size)|sizeFormat%.&quot;,&quot;max_files&quot;:&quot;Reduzca el total de archivos a %this(max_files)% o menos (actualmente tiene archivos %this|length%).&quot;}\" class=\"jet-form-builder-row field-type-media-field\" >\n<template class=\"jet-form-builder__preview-template\"><div class=\"jet-form-builder-file-upload__file\" data-file=\"%file_url%\">\n\t<!-- preview -->\n\t<!-- field -->\n\t<div class=\"jet-form-builder-file-upload__file-remove\" data-file-name=\"%file_name%\">\n\t\t<svg width=\"22\" height=\"22\" viewBox=\"0 0 14 15\" fill=\"none\" xmlns=\"http:\/\/www.w3.org\/2000\/svg\">\n\t\t\t<path d=\"M4.375 7H6.125V12.25H4.375V7ZM7.875 7H9.625V12.25H7.875V7ZM10.5 1.75C10.5 1.51302 10.4134 1.30794 10.2402 1.13477C10.0762 0.961589 9.87109 0.875 9.625 0.875H4.375C4.12891 0.875 3.91927 0.961589 3.74609 1.13477C3.58203 1.30794 3.5 1.51302 3.5 1.75V3.5H0V5.25H0.875V14C0.875 14.237 0.957031 14.4421 1.12109 14.6152C1.29427 14.7884 1.50391 14.875 1.75 14.875H12.25C12.4961 14.875 12.7012 14.7884 12.8652 14.6152C13.0384 14.4421 13.125 14.237 13.125 14V5.25H14V3.5H10.5V1.75ZM5.25 2.625H8.75V3.5H5.25V2.625ZM11.375 5.25V13.125H2.625V5.25H11.375Z\"><\/path>\n\t\t<\/svg>\n\t<\/div>\n\t<span\n\t\t\tclass=\"jet-form-builder-file-upload__file-invalid-marker\"\n\t\t\tstyle=\"display: none\">\n\t\t<svg xmlns=\"http:\/\/www.w3.org\/2000\/svg\" viewBox=\"0 0 20 20\" fill=\"currentcolor\" width=\"24\" height=\"24\" aria-hidden=\"true\" focusable=\"false\"><path d=\"M10 2c4.42 0 8 3.58 8 8s-3.58 8-8 8-8-3.58-8-8 3.58-8 8-8zm1.13 9.38l.35-6.46H8.52l.35 6.46h2.26zm-.09 3.36c.24-.23.37-.55.37-.96 0-.42-.12-.74-.36-.97s-.59-.35-1.06-.35-.82.12-1.07.35-.37.55-.37.97c0 .41.13.73.38.96.26.23.61.34 1.06.34s.8-.11 1.05-.34z\"><\/path><\/svg>\n\t<\/span>\n\t<!-- footer -->\n<\/div>\n<\/template><div class=\"jet-form-builder__label\">\r\n<div class=\"jet-form-builder__label-text\">Adjuntar Cat\u00e1logo <span class=\"jet-form-builder__required\">*<\/span><\/div><\/div><div class=\"jet-form-builder__field-wrap jet-form-builder-file-upload\">\n\t\t<div class=\"jet-form-builder-file-upload__content\">\n\t\t<div class=\"jet-form-builder-file-upload__loader\"><svg xmlns=\"http:\/\/www.w3.org\/2000\/svg\" width=\"38\" height=\"38\" viewBox=\"0 0 38 38\" stroke=\"#fff\"><g fill=\"none\" fill-rule=\"evenodd\"><g transform=\"translate(1 1)\" stroke-width=\"2\"><circle stroke-opacity=\".5\" cx=\"18\" cy=\"18\" r=\"18\"\/><path d=\"M36 18c0-9.94-8.06-18-18-18\" transform=\"rotate(137.826 18 18)\"><animateTransform attributeName=\"transform\" type=\"rotate\" from=\"0 18 18\" to=\"360 18 18\" dur=\"1s\" repeatCount=\"indefinite\"\/><\/path><\/g><\/g><\/svg><\/div>\t\t<div class=\"jet-form-builder-file-upload__files\" data-args=\"{&quot;max_files&quot;:1,&quot;max_size&quot;:15728640}\">\n\t\t\t\t\t<\/div>\n\t<\/div>\n\t<div class=\"jet-form-builder-file-upload__fields\">\n\t\t<input class=\"jet-form-builder__field file-field jet-form-builder-file-upload__input\" name=\"catalogo\" data-field-name=\"catalogo\" type=\"file\" data-form_id=\"1527\" id=\"catalogo\" required=\"required\" data-jfb-sync=\"null\" accept=\"image\/jpeg,image\/png,application\/pdf\" data-max_size=\"15728640\">\n\t<\/div>\n\t<div class=\"jet-form-builder-file-upload__message\"><small>Maximum file size: 15 MB<\/small><\/div>\n\t<div class=\"jet-form-builder-file-upload__errors is-hidden\"><\/div>\n\t<\/div><div class=\"jet-form-builder__desc\"><small>Por favor adjunte el documento (Se aceptan formatos PDF, JPG y PNG)<\/small><\/div>\n<\/div>\n\n<div  class=\"jet-form-builder-row field-type-checkbox-field\" >\n<div class=\"jet-form-builder__label\">\r\n<div class=\"jet-form-builder__label-text\">\u00bfCuenta usted con Certificaciones?<\/div><\/div><div class=\"jet-form-builder__fields-group checkradio-wrap\" data-jfb-sync><div class=\"jet-form-builder__field-wrap checkboxes-wrap checkradio-wrap\"><label class=\"jet-form-builder__field-label for-checkbox\">\n\t\t\t<input type=\"checkbox\" name=\"certificaciones[]\" value=\"ISO 9001\" data-field-name=\"certificaciones\"  class=\"jet-form-builder__field checkboxes-field checkradio-field\"><span>ISO 9001<\/span><\/label><\/div><div class=\"jet-form-builder__field-wrap checkboxes-wrap checkradio-wrap\"><label class=\"jet-form-builder__field-label for-checkbox\">\n\t\t\t<input type=\"checkbox\" name=\"certificaciones[]\" value=\"ISO 14001\" data-field-name=\"certificaciones\"  class=\"jet-form-builder__field checkboxes-field checkradio-field\"><span>ISO 14001<\/span><\/label><\/div><div class=\"jet-form-builder__field-wrap checkboxes-wrap checkradio-wrap\"><label class=\"jet-form-builder__field-label for-checkbox\">\n\t\t\t<input type=\"checkbox\" name=\"certificaciones[]\" value=\"Ninguna\" data-field-name=\"certificaciones\"  class=\"jet-form-builder__field checkboxes-field checkradio-field\"><span>Ninguna<\/span><\/label><\/div><\/div>\n<\/div>\n\n<div  data-validation-type=\"advanced\" data-validation-rules=\"[{&quot;__visible&quot;:true,&quot;value&quot;:&quot;&quot;}]\" data-value=\"[{&quot;id&quot;:3864,&quot;conditions&quot;:[{&quot;__visible&quot;:true,&quot;value&quot;:&quot;&quot;}],&quot;to_set&quot;:&quot;&quot;}]\" class=\"jet-form-builder-row field-type-text-field\" >\n<div class=\"jet-form-builder__label\">\r\n<div class=\"jet-form-builder__label-text\">Otras certificaciones<\/div><\/div><div class=\"jet-form-builder__field-wrap\">\n\t\t\t\t<input name=\"otras_certificaciones\" id=\"otras_certificaciones\" type=\"text\" data-field-name=\"otras_certificaciones\" class=\"jet-form-builder__field text-field\" data-jfb-sync=\"null\" autocomplete=\"off_l4ps27Cf\">\n\t\t\t\t\t<\/div>\n<\/div>\n\n<div  class=\"jet-form-builder-row field-type-checkbox-field\" >\n<div class=\"jet-form-builder__label\">\r\n<div class=\"jet-form-builder__label-text\">Suministros<\/div><\/div><div class=\"jet-form-builder__fields-group checkradio-wrap\" data-jfb-sync><div class=\"jet-form-builder__field-wrap checkboxes-wrap checkradio-wrap\"><label class=\"jet-form-builder__field-label for-checkbox\">\n\t\t\t<input type=\"checkbox\" name=\"suministros[]\" value=\"Herramientas\" data-field-name=\"suministros\"  class=\"jet-form-builder__field checkboxes-field checkradio-field\"><span>Herramientas<\/span><\/label><\/div><div class=\"jet-form-builder__field-wrap checkboxes-wrap checkradio-wrap\"><label class=\"jet-form-builder__field-label for-checkbox\">\n\t\t\t<input type=\"checkbox\" name=\"suministros[]\" value=\"Materiales\" data-field-name=\"suministros\"  class=\"jet-form-builder__field checkboxes-field checkradio-field\"><span>Materiales<\/span><\/label><\/div><div class=\"jet-form-builder__field-wrap checkboxes-wrap checkradio-wrap\"><label class=\"jet-form-builder__field-label for-checkbox\">\n\t\t\t<input type=\"checkbox\" name=\"suministros[]\" value=\"Equipos\" data-field-name=\"suministros\"  class=\"jet-form-builder__field checkboxes-field checkradio-field\"><span>Equipos<\/span><\/label><\/div><div class=\"jet-form-builder__field-wrap checkboxes-wrap checkradio-wrap\"><label class=\"jet-form-builder__field-label for-checkbox\">\n\t\t\t<input type=\"checkbox\" name=\"suministros[]\" value=\"Dotaci\u00f3n\" data-field-name=\"suministros\"  class=\"jet-form-builder__field checkboxes-field checkradio-field\"><span>Dotaci\u00f3n<\/span><\/label><\/div><div class=\"jet-form-builder__field-wrap checkboxes-wrap checkradio-wrap\"><label class=\"jet-form-builder__field-label for-checkbox\">\n\t\t\t<input type=\"checkbox\" name=\"suministros[]\" value=\"EPP\" data-field-name=\"suministros\"  class=\"jet-form-builder__field checkboxes-field checkradio-field\"><span>EPP<\/span><\/label><\/div><div class=\"jet-form-builder__field-wrap checkboxes-wrap checkradio-wrap\"><label class=\"jet-form-builder__field-label for-checkbox\">\n\t\t\t<input type=\"checkbox\" name=\"suministros[]\" value=\"TIC\" data-field-name=\"suministros\"  class=\"jet-form-builder__field checkboxes-field checkradio-field\"><span>TIC<\/span><\/label><\/div><\/div><div class=\"jet-form-builder__desc\"><small>Indique por favor los servicios y\/o bienes que puede ofrecernos, seleccionando todas las casillas que considere necesarias de acuerdo a lo que usted ofrece.<\/small><\/div>\n<\/div>\n\n<div  class=\"jet-form-builder-row field-type-checkbox-field\" >\n<div class=\"jet-form-builder__label\">\r\n<div class=\"jet-form-builder__label-text\">Transporte<\/div><\/div><div class=\"jet-form-builder__fields-group checkradio-wrap\" data-jfb-sync><div class=\"jet-form-builder__field-wrap checkboxes-wrap checkradio-wrap\"><label class=\"jet-form-builder__field-label for-checkbox\">\n\t\t\t<input type=\"checkbox\" name=\"transporte[]\" value=\"Alquiler de veh\u00edculos\" data-field-name=\"transporte\"  class=\"jet-form-builder__field checkboxes-field checkradio-field\"><span>Alquiler de veh\u00edculos<\/span><\/label><\/div><div class=\"jet-form-builder__field-wrap checkboxes-wrap checkradio-wrap\"><label class=\"jet-form-builder__field-label for-checkbox\">\n\t\t\t<input type=\"checkbox\" name=\"transporte[]\" value=\"Talleres\" data-field-name=\"transporte\"  class=\"jet-form-builder__field checkboxes-field checkradio-field\"><span>Talleres<\/span><\/label><\/div><div class=\"jet-form-builder__field-wrap checkboxes-wrap checkradio-wrap\"><label class=\"jet-form-builder__field-label for-checkbox\">\n\t\t\t<input type=\"checkbox\" name=\"transporte[]\" value=\"Repuestos y otros\" data-field-name=\"transporte\"  class=\"jet-form-builder__field checkboxes-field checkradio-field\"><span>Repuestos y otros<\/span><\/label><\/div><div class=\"jet-form-builder__field-wrap checkboxes-wrap checkradio-wrap\"><label class=\"jet-form-builder__field-label for-checkbox\">\n\t\t\t<input type=\"checkbox\" name=\"transporte[]\" value=\"Parqueadero\" data-field-name=\"transporte\"  class=\"jet-form-builder__field checkboxes-field checkradio-field\"><span>Parqueadero<\/span><\/label><\/div><div class=\"jet-form-builder__field-wrap checkboxes-wrap checkradio-wrap\"><label class=\"jet-form-builder__field-label for-checkbox\">\n\t\t\t<input type=\"checkbox\" name=\"transporte[]\" value=\"Lavadero\" data-field-name=\"transporte\"  class=\"jet-form-builder__field checkboxes-field checkradio-field\"><span>Lavadero<\/span><\/label><\/div><\/div><div class=\"jet-form-builder__desc\"><small>Indique cu\u00e1les servicios de transporte ofrece<\/small><\/div>\n<\/div>\n\n<div  class=\"jet-form-builder-row field-type-radio-field wp-block-jet-forms-radio-field\">\n<div class=\"jet-form-builder__label\">\r\n<div class=\"jet-form-builder__label-text\">\u00bfEst\u00e1 usted habilitado?<\/div><\/div><div class=\"jet-form-builder__fields-group checkradio-wrap\" data-jfb-sync><div class=\"jet-form-builder__field-wrap radio-wrap checkradio-wrap\"><label class=\"jet-form-builder__field-label for-radio\">\n<input type=\"radio\" name=\"habilitado\" value=\"Si\" data-field-name=\"habilitado\"  class=\"jet-form-builder__field radio-field checkradio-field\"><span>Si<\/span><\/label><\/div><div class=\"jet-form-builder__field-wrap radio-wrap checkradio-wrap\"><label class=\"jet-form-builder__field-label for-radio\">\n<input type=\"radio\" name=\"habilitado\" value=\"No\" data-field-name=\"habilitado\"  class=\"jet-form-builder__field radio-field checkradio-field\"><span>No<\/span><\/label><\/div><\/div>\n<\/div>\n\n<div  class=\"jet-form-builder-row field-type-radio-field wp-block-jet-forms-radio-field\">\n<div class=\"jet-form-builder__label\">\r\n<div class=\"jet-form-builder__label-text\">\u00bfCuenta usted con PESV (Plan Estrat\u00e9gico de Seguridad Vial)?<\/div><\/div><div class=\"jet-form-builder__fields-group checkradio-wrap\" data-jfb-sync><div class=\"jet-form-builder__field-wrap radio-wrap checkradio-wrap\"><label class=\"jet-form-builder__field-label for-radio\">\n<input type=\"radio\" name=\"pesv\" value=\"Si\" data-field-name=\"pesv\"  class=\"jet-form-builder__field radio-field checkradio-field\"><span>Si<\/span><\/label><\/div><div class=\"jet-form-builder__field-wrap radio-wrap checkradio-wrap\"><label class=\"jet-form-builder__field-label for-radio\">\n<input type=\"radio\" name=\"pesv\" value=\"No\" data-field-name=\"pesv\"  class=\"jet-form-builder__field radio-field checkradio-field\"><span>No<\/span><\/label><\/div><\/div>\n<\/div>\n\n<div  class=\"jet-form-builder-row field-type-checkbox-field\" >\n<div class=\"jet-form-builder__label\">\r\n<div class=\"jet-form-builder__label-text\">Alquiler de equipos y\/o herramientas<\/div><\/div><div class=\"jet-form-builder__fields-group checkradio-wrap\" data-jfb-sync><div class=\"jet-form-builder__field-wrap checkboxes-wrap checkradio-wrap\"><label class=\"jet-form-builder__field-label for-checkbox\">\n\t\t\t<input type=\"checkbox\" name=\"equipos_herramientas[]\" value=\"Telecomunicaciones\" data-field-name=\"equipos_herramientas\"  class=\"jet-form-builder__field checkboxes-field checkradio-field\"><span>Telecomunicaciones<\/span><\/label><\/div><div class=\"jet-form-builder__field-wrap checkboxes-wrap checkradio-wrap\"><label class=\"jet-form-builder__field-label for-checkbox\">\n\t\t\t<input type=\"checkbox\" name=\"equipos_herramientas[]\" value=\"Energ\u00eda\" data-field-name=\"equipos_herramientas\"  class=\"jet-form-builder__field checkboxes-field checkradio-field\"><span>Energ\u00eda<\/span><\/label><\/div><div class=\"jet-form-builder__field-wrap checkboxes-wrap checkradio-wrap\"><label class=\"jet-form-builder__field-label for-checkbox\">\n\t\t\t<input type=\"checkbox\" name=\"equipos_herramientas[]\" value=\"Obra Civil\" data-field-name=\"equipos_herramientas\"  class=\"jet-form-builder__field checkboxes-field checkradio-field\"><span>Obra Civil<\/span><\/label><\/div><div class=\"jet-form-builder__field-wrap checkboxes-wrap checkradio-wrap\"><label class=\"jet-form-builder__field-label for-checkbox\">\n\t\t\t<input type=\"checkbox\" name=\"equipos_herramientas[]\" value=\"TIC\" data-field-name=\"equipos_herramientas\"  class=\"jet-form-builder__field checkboxes-field checkradio-field\"><span>TIC<\/span><\/label><\/div><\/div>\n<\/div>\n\n<div  class=\"jet-form-builder-row field-type-checkbox-field\" >\n<div class=\"jet-form-builder__label\">\r\n<div class=\"jet-form-builder__label-text\">\u00bfOfrece servicios de Certificaciones y\/o Mantenimiento de Equipos y Herramientas?<\/div><\/div><div class=\"jet-form-builder__fields-group checkradio-wrap\" data-jfb-sync><div class=\"jet-form-builder__field-wrap checkboxes-wrap checkradio-wrap\"><label class=\"jet-form-builder__field-label for-checkbox\">\n\t\t\t<input type=\"checkbox\" name=\"servicios_certificacion[]\" value=\"Laboratorios\" data-field-name=\"servicios_certificacion\"  class=\"jet-form-builder__field checkboxes-field checkradio-field\"><span>Laboratorios<\/span><\/label><\/div><div class=\"jet-form-builder__field-wrap checkboxes-wrap checkradio-wrap\"><label class=\"jet-form-builder__field-label for-checkbox\">\n\t\t\t<input type=\"checkbox\" name=\"servicios_certificacion[]\" value=\"Certificados\" data-field-name=\"servicios_certificacion\"  class=\"jet-form-builder__field checkboxes-field checkradio-field\"><span>Certificados<\/span><\/label><\/div><div class=\"jet-form-builder__field-wrap checkboxes-wrap checkradio-wrap\"><label class=\"jet-form-builder__field-label for-checkbox\">\n\t\t\t<input type=\"checkbox\" name=\"servicios_certificacion[]\" value=\"TIC\" data-field-name=\"servicios_certificacion\"  class=\"jet-form-builder__field checkboxes-field checkradio-field\"><span>TIC<\/span><\/label><\/div><\/div>\n<\/div>\n\n<div  class=\"jet-form-builder-row field-type-checkbox-field\" >\n<div class=\"jet-form-builder__label\">\r\n<div class=\"jet-form-builder__label-text\">Acepto t\u00e9rminos, condiciones y pol\u00edticas <span class=\"jet-form-builder__required\">*<\/span><\/div><\/div><div class=\"jet-form-builder__fields-group checkradio-wrap\" data-jfb-sync><div class=\"jet-form-builder__field-wrap checkboxes-wrap checkradio-wrap\"><label class=\"jet-form-builder__field-label for-checkbox\">\n\t\t\t<input type=\"checkbox\" name=\"politicas\" value=\"Acepto\" data-field-name=\"politicas\"  class=\"jet-form-builder__field checkboxes-field checkradio-field\" required=\"required\"><span>Acepto<\/span><\/label><\/div><\/div><div class=\"jet-form-builder__desc\"><small>Confirmo que he le\u00eddo y acepto las <a href=\"https:\/\/www.enecon.net.co\/web\/terminos-condiciones-y-politicas-de-datos\/\" target=\"_blank\">pol\u00edticas de tratamiento de datos descritas aqu\u00ed<\/a> <\/small><\/div>\n<\/div>\n\n\n<input type=\"hidden\" class=\"captcha-token\" name=\"_captcha_token\" value=\"\"\/>\n\n\n<div  class=\"jet-form-builder-row field-type-submit-field\" >\n\t<div data-type=\"submit\" class=\"jet-form-builder__action-button-wrapper jet-form-builder__submit-wrap\">\n\t<button class=\"jet-form-builder__action-button brxe-button bricks-button bricks-background-primary jet-form-builder__submit submit-type-ajax\" type=\"submit\">Enviar<\/button>\n\t<\/div>\n\t\n<\/div>\t<div class=\"jet-form-builder-messages-wrap\" data-form-id=\"1527\"><\/div>\n<\/form>\n<\/div>","protected":false},"excerpt":{"rendered":"<p>Gracias por su inter\u00e9s en ser uno de nuestros proveedores. Para trabajar de la mano con ENECON S.A.S. por favor diligencie el siguiente formulario.<\/p>\n","protected":false},"author":1,"featured_media":0,"parent":0,"menu_order":0,"comment_status":"closed","ping_status":"closed","template":"","meta":{"content-type":"","_joinchat":[],"footnotes":""},"class_list":["post-1553","page","type-page","status-publish","hentry"],"_links":{"self":[{"href":"https:\/\/www.enecon.net.co\/web\/wp-json\/wp\/v2\/pages\/1553","targetHints":{"allow":["GET"]}}],"collection":[{"href":"https:\/\/www.enecon.net.co\/web\/wp-json\/wp\/v2\/pages"}],"about":[{"href":"https:\/\/www.enecon.net.co\/web\/wp-json\/wp\/v2\/types\/page"}],"author":[{"embeddable":true,"href":"https:\/\/www.enecon.net.co\/web\/wp-json\/wp\/v2\/users\/1"}],"replies":[{"embeddable":true,"href":"https:\/\/www.enecon.net.co\/web\/wp-json\/wp\/v2\/comments?post=1553"}],"version-history":[{"count":1,"href":"https:\/\/www.enecon.net.co\/web\/wp-json\/wp\/v2\/pages\/1553\/revisions"}],"predecessor-version":[{"id":1554,"href":"https:\/\/www.enecon.net.co\/web\/wp-json\/wp\/v2\/pages\/1553\/revisions\/1554"}],"wp:attachment":[{"href":"https:\/\/www.enecon.net.co\/web\/wp-json\/wp\/v2\/media?parent=1553"}],"curies":[{"name":"wp","href":"https:\/\/api.w.org\/{rel}","templated":true}]}}