{"id":1546,"date":"2023-05-22T12:34:17","date_gmt":"2023-05-22T17:34:17","guid":{"rendered":"https:\/\/www.enecon.net.co\/web\/?page_id=1546"},"modified":"2025-10-03T09:35:14","modified_gmt":"2025-10-03T14:35:14","slug":"terminos-condiciones-y-politicas-de-datos","status":"publish","type":"page","link":"https:\/\/www.enecon.net.co\/web\/terminos-condiciones-y-politicas-de-datos\/","title":{"rendered":"T\u00e9rminos, Condiciones y Pol\u00edticas de datos"},"content":{"rendered":"\n<h2 class=\"wp-block-heading\">Aviso de privacidad<\/h2>\n\n\n\n<p>En cumplimiento de las disposiciones de la ley Colombiana referente a la protecci\u00f3n de datos personales, Enecon S.A.S. es responsable y encargado del tratamiento de datos personales.<\/p>\n\n\n\n<p>Los datos que generalmente recopilamos son: Nombre o Raz\u00f3n social, Cargo, CC o NIT, Tel\u00e9fono fijo, Celular, Direcci\u00f3n, Direcci\u00f3n de correo electr\u00f3nico, URL. Cuando Usted nos env\u00eda sus datos, nos autoriza de manera previa, expresa e informada a hacer uso de ellos en el cumplimiento de nuestro objeto social, como: Efectuar la relaci\u00f3n contractual con clientes, proveedores y trabajadores, Proveer servicios requeridos por los clientes, Evaluar peri\u00f3dicamente la calidad del servicio, Informar sobre nuevos servicios, Informar sobre alteraciones, cambios o inconvenientes en los servicios contratados, Enviar informaci\u00f3n comercial sobre los servicios, eventos, promociones en el ejercicio del objeto social de Enecon S.A.S., a trav\u00e9s de correos f\u00edsicos, electr\u00f3nicos, mensajes al celular o a trav\u00e9s de cualquier otro medio an\u00e1logo y\/o digital.<\/p>\n\n\n\n<p>Para m\u00e1s informaci\u00f3n por favor consulte la Pol\u00edtica de Tratamiento de Datos personales. Si Usted desea consultar, modificar o suprimir los datos personales almacenados en nuestras bases de datos, por favor cont\u00e1ctenos en:enecon@enecon.net.co<\/p>\n\n\n\n<h2 class=\"wp-block-heading\">Pol\u00edticas<\/h2>\n\n\n\n<p><a href=\"https:\/\/www.enecon.net.co\/web\/wp-content\/uploads\/2025\/10\/Pol\u00edtica de protecci\u00f3n y tratamiento de datos21.08.25.pdf\" target=\"_blank\" rel=\"noreferrer noopener\">Pol\u00edtica de Tratamiento de Datos Personales<\/a><\/p>\n\n\n\n<p><a href=\"https:\/\/www.enecon.net.co\/web\/wp-content\/uploads\/2021\/02\/COMITE_DE_REZAGOS.pdf\" target=\"_blank\" rel=\"noreferrer noopener\">Comit\u00e9 de Rezagos<\/a><\/p>\n\n\n\n<p><a rel=\"noreferrer noopener\" href=\"https:\/\/www.enecon.net.co\/web\/wp-content\/uploads\/2021\/02\/TRATAMIENTO_INCIDENTES_DE_SEGURIDAD_E_INVIOLABILIDAD_DE_ENVIOS.pdf\" target=\"_blank\">Tratamiento de Incidentes de Seguridad e Inviolabilidad de Env\u00edos<\/a><\/p>\n\n\n\n<p><a href=\"https:\/\/www.enecon.net.co\/web\/pqrsf\/\" target=\"_blank\" rel=\"noreferrer noopener\">PQRS del uso de datos personales.<\/a><\/p>\n","protected":false},"excerpt":{"rendered":"<p>Aviso de privacidad En cumplimiento de las disposiciones de la ley Colombiana referente a la protecci\u00f3n de datos personales, Enecon S.A.S. es responsable y encargado del tratamiento de datos personales. Los datos que generalmente recopilamos son: Nombre o Raz\u00f3n social, Cargo, CC o NIT, Tel\u00e9fono fijo, Celular, Direcci\u00f3n, Direcci\u00f3n de correo electr\u00f3nico, URL. Cuando Usted [&hellip;]<\/p>\n","protected":false},"author":1,"featured_media":0,"parent":0,"menu_order":0,"comment_status":"closed","ping_status":"closed","template":"","meta":{"content-type":"","_joinchat":[],"footnotes":""},"class_list":["post-1546","page","type-page","status-publish","hentry"],"_links":{"self":[{"href":"https:\/\/www.enecon.net.co\/web\/wp-json\/wp\/v2\/pages\/1546","targetHints":{"allow":["GET"]}}],"collection":[{"href":"https:\/\/www.enecon.net.co\/web\/wp-json\/wp\/v2\/pages"}],"about":[{"href":"https:\/\/www.enecon.net.co\/web\/wp-json\/wp\/v2\/types\/page"}],"author":[{"embeddable":true,"href":"https:\/\/www.enecon.net.co\/web\/wp-json\/wp\/v2\/users\/1"}],"replies":[{"embeddable":true,"href":"https:\/\/www.enecon.net.co\/web\/wp-json\/wp\/v2\/comments?post=1546"}],"version-history":[{"count":6,"href":"https:\/\/www.enecon.net.co\/web\/wp-json\/wp\/v2\/pages\/1546\/revisions"}],"predecessor-version":[{"id":5237,"href":"https:\/\/www.enecon.net.co\/web\/wp-json\/wp\/v2\/pages\/1546\/revisions\/5237"}],"wp:attachment":[{"href":"https:\/\/www.enecon.net.co\/web\/wp-json\/wp\/v2\/media?parent=1546"}],"curies":[{"name":"wp","href":"https:\/\/api.w.org\/{rel}","templated":true}]}}