{"id":1288,"date":"2023-05-17T17:19:30","date_gmt":"2023-05-17T22:19:30","guid":{"rendered":"https:\/\/www.enecon.net.co\/web\/?page_id=1288"},"modified":"2023-05-22T12:53:14","modified_gmt":"2023-05-22T17:53:14","slug":"formulario-de-datos-para-facturacion-electronica","status":"publish","type":"page","link":"https:\/\/www.enecon.net.co\/web\/formulario-de-datos-para-facturacion-electronica\/","title":{"rendered":"Formulario de datos para facturaci\u00f3n electr\u00f3nica"},"content":{"rendered":"\n<p>En enecon S.A.S. queremos estar cerca de nuestros, clientes y proveedores. Por favor diligencia la siguiente informaci\u00f3n para registrarse en nuestra base de datos de Facturaci\u00f3n Electr\u00f3nica.<\/p>\n\n\n<div class=\"jet-fb-form-block\" data-is-block=\"jet-forms\/form-block\"><style id=\"jet-form-builder-1286-inline-css\"><\/style><form  class=\"jet-form-builder layout-column submit-type-ajax\" action=\"https:\/\/www.enecon.net.co\/web\/wp-json\/wp\/v2\/pages\/1288\/?J3TB3m=XN5mVHkgy2&amp;method=reload\" method=\"POST\" data-form-id=\"1286\" data-layout=\"column\" enctype=\"multipart\/form-data\" novalidate=\"null\" ssr_validation_method=\"rest\">\r\n<input type=\"hidden\" name=\"_jfb_current_render_states[]\" value=\"DEFAULT.STATE\" data-jfb-sync \/><input type=\"hidden\" class=\"jet-form-builder__field hidden-field\" name=\"_jet_engine_booking_form_id\" data-field-name=\"_jet_engine_booking_form_id\" value=\"1286\">\n<input type=\"hidden\" class=\"jet-form-builder__field hidden-field\" name=\"_jet_engine_refer\" data-field-name=\"_jet_engine_refer\" value=\"https:\/\/www.enecon.net.co\/web\/wp-json\/wp\/v2\/pages\/1288\/\">\n<input type=\"hidden\" class=\"jet-form-builder__field hidden-field\" name=\"__queried_post_id\" data-field-name=\"__queried_post_id\" value=\"1288\">\n<div  class=\"jet-form-builder-row field-type-text-field\" >\n<div class=\"jet-form-builder__label\">\r\n<div class=\"jet-form-builder__label-text\">Nombre o Raz\u00f3n Social <span class=\"jet-form-builder__required\">*<\/span><\/div><\/div><div class=\"jet-form-builder__field-wrap\">\n\t\t\t\t<input required=\"required\" name=\"nombre_razon_social\" id=\"nombre_razon_social\" type=\"text\" data-field-name=\"nombre_razon_social\" class=\"jet-form-builder__field text-field\" data-jfb-sync=\"null\" autocomplete=\"off_hpwaLuOv\">\n\t\t\t\t\t<\/div>\n<\/div>\n\n<div  class=\"jet-form-builder-row field-type-select-field wp-block-jet-forms-select-field\">\n<div class=\"jet-form-builder__label\">\r\n<div class=\"jet-form-builder__label-text\">Tipo de Identificaci\u00f3n <span class=\"jet-form-builder__required\">*<\/span><\/div><\/div><div class=\"jet-form-builder__field-wrap\">\n\t<select class=\"jet-form-builder__field select-field form-styled\" required=\"required\" name=\"tipo_identificacion\" data-field-name=\"tipo_identificacion\" id=\"tipo_identificacion\" data-jfb-sync=\"null\">\n\t\t<option value=\"CC\" >CC<\/option><option value=\"NIT\" >NIT<\/option>\t<\/select>\n<\/div>\n<\/div>\n\n<div  class=\"jet-form-builder-row field-type-text-field\" >\n<div class=\"jet-form-builder__label\">\r\n<div class=\"jet-form-builder__label-text\">N\u00famero de identificaci\u00f3n <span class=\"jet-form-builder__required\">*<\/span><\/div><\/div><div class=\"jet-form-builder__field-wrap\">\n\t\t\t\t<input required=\"required\" name=\"numero_id\" id=\"numero_id\" type=\"text\" data-field-name=\"numero_id\" class=\"jet-form-builder__field text-field\" data-jfb-sync=\"null\" autocomplete=\"off_WBGbuCQd\">\n\t\t\t\t\t<\/div>\n<\/div>\n\n<div  class=\"jet-form-builder-row field-type-text-field\" >\n<div class=\"jet-form-builder__label\">\r\n<div class=\"jet-form-builder__label-text\">Direcci\u00f3n principal <span class=\"jet-form-builder__required\">*<\/span><\/div><\/div><div class=\"jet-form-builder__field-wrap\">\n\t\t\t\t<input required=\"required\" name=\"direccion\" id=\"direccion\" type=\"text\" data-field-name=\"direccion\" class=\"jet-form-builder__field text-field\" data-jfb-sync=\"null\" autocomplete=\"off_h5vzLT0j\">\n\t\t\t\t\t<\/div>\n<\/div>\n\n<div  class=\"jet-form-builder-row field-type-text-field\" >\n<div class=\"jet-form-builder__label\">\r\n<div class=\"jet-form-builder__label-text\">Municipio <span class=\"jet-form-builder__required\">*<\/span><\/div><\/div><div class=\"jet-form-builder__field-wrap\">\n\t\t\t\t<input required=\"required\" name=\"municipio\" id=\"municipio\" type=\"text\" data-field-name=\"municipio\" class=\"jet-form-builder__field text-field\" data-jfb-sync=\"null\" autocomplete=\"off_mJ6H8a2Q\">\n\t\t\t\t\t<\/div>\n<\/div>\n\n<div  class=\"jet-form-builder-row field-type-text-field\" >\n<div class=\"jet-form-builder__label\">\r\n<div class=\"jet-form-builder__label-text\">Tel\u00e9fono <span class=\"jet-form-builder__required\">*<\/span><\/div><\/div><div class=\"jet-form-builder__field-wrap\">\n\t\t\t\t<input required=\"required\" name=\"telefono\" id=\"telefono\" type=\"text\" data-field-name=\"telefono\" class=\"jet-form-builder__field text-field\" data-jfb-sync=\"null\" autocomplete=\"off_IDmelRLO\">\n\t\t\t\t\t<\/div>\n<\/div>\n\n<div  class=\"jet-form-builder-row field-type-text-field\" >\n<div class=\"jet-form-builder__label\">\r\n<div class=\"jet-form-builder__label-text\">Nombre de contacto <span class=\"jet-form-builder__required\">*<\/span><\/div><\/div><div class=\"jet-form-builder__field-wrap\">\n\t\t\t\t<input required=\"required\" name=\"nombre_contacto\" id=\"nombre_contacto\" type=\"text\" data-field-name=\"nombre_contacto\" class=\"jet-form-builder__field text-field\" data-jfb-sync=\"null\" autocomplete=\"off_5JlIc4PO\">\n\t\t\t\t\t<\/div><div class=\"jet-form-builder__desc\"><small>Nombre de contacto para env\u00edo de Facturaci\u00f3n Electr\u00f3nica<\/small><\/div>\n<\/div>\n\n<div  class=\"jet-form-builder-row field-type-text-field\" >\n<div class=\"jet-form-builder__label\">\r\n<div class=\"jet-form-builder__label-text\">Correo de contacto <span class=\"jet-form-builder__required\">*<\/span><\/div><\/div><div class=\"jet-form-builder__field-wrap\">\n\t\t\t\t<input required=\"required\" name=\"correo_electronico\" id=\"correo_electronico\" type=\"text\" data-field-name=\"correo_electronico\" class=\"jet-form-builder__field text-field\" data-jfb-sync=\"null\" autocomplete=\"off_qulYpQde\">\n\t\t\t\t\t<\/div><div class=\"jet-form-builder__desc\"><small> Correo de contacto para env\u00edo de Facturaci\u00f3n Electr\u00f3nica<\/small><\/div>\n<\/div>\n\n<div  class=\"jet-form-builder-row field-type-text-field\" >\n<div class=\"jet-form-builder__label\">\r\n<div class=\"jet-form-builder__label-text\">Cargo <span class=\"jet-form-builder__required\">*<\/span><\/div><\/div><div class=\"jet-form-builder__field-wrap\">\n\t\t\t\t<input required=\"required\" name=\"cargo\" id=\"cargo\" type=\"text\" data-field-name=\"cargo\" class=\"jet-form-builder__field text-field\" data-jfb-sync=\"null\" autocomplete=\"off_OWeMy6Y1\">\n\t\t\t\t\t<\/div>\n<\/div>\n\n<div  class=\"jet-form-builder-row field-type-checkbox-field\" >\n<div class=\"jet-form-builder__label\">\r\n<div class=\"jet-form-builder__label-text\">Acepto t\u00e9rminos, condiciones y pol\u00edticas <span class=\"jet-form-builder__required\">*<\/span><\/div><\/div><div class=\"jet-form-builder__fields-group checkradio-wrap\" data-jfb-sync><div class=\"jet-form-builder__field-wrap checkboxes-wrap checkradio-wrap\"><label class=\"jet-form-builder__field-label for-checkbox\">\n\t\t\t<input type=\"checkbox\" name=\"politicas\" value=\"Acepto\" data-field-name=\"politicas\"  class=\"jet-form-builder__field checkboxes-field checkradio-field\" required=\"required\"><span>Acepto<\/span><\/label><\/div><\/div><div class=\"jet-form-builder__desc\"><small>Confirmo que he le\u00eddo y acepto las <a href=\"https:\/\/www.enecon.net.co\/web\/terminos-condiciones-y-politicas-de-datos\/\" target=\"_blank\">pol\u00edticas de tratamiento de datos descritas aqu\u00ed<\/a> <\/small><\/div>\n<\/div>\n\n\n<input type=\"hidden\" class=\"captcha-token\" name=\"_captcha_token\" value=\"\"\/>\n\n\n<div  class=\"jet-form-builder-row field-type-submit-field\" >\n\t<div data-type=\"submit\" class=\"jet-form-builder__action-button-wrapper jet-form-builder__submit-wrap\">\n\t<button class=\"jet-form-builder__action-button brxe-button bricks-button bricks-background-primary jet-form-builder__submit submit-type-ajax\" type=\"submit\">Enviar<\/button>\n\t<\/div>\n\t\n<\/div>\t<div class=\"jet-form-builder-messages-wrap\" data-form-id=\"1286\"><\/div>\n<\/form>\n<\/div>","protected":false},"excerpt":{"rendered":"<p>En enecon S.A.S. queremos estar cerca de nuestros, clientes y proveedores. Por favor diligencia la siguiente informaci\u00f3n para registrarse en nuestra base de datos de Facturaci\u00f3n Electr\u00f3nica.<\/p>\n","protected":false},"author":1,"featured_media":0,"parent":0,"menu_order":0,"comment_status":"closed","ping_status":"closed","template":"","meta":{"content-type":"","_joinchat":[],"footnotes":""},"class_list":["post-1288","page","type-page","status-publish","hentry"],"_links":{"self":[{"href":"https:\/\/www.enecon.net.co\/web\/wp-json\/wp\/v2\/pages\/1288","targetHints":{"allow":["GET"]}}],"collection":[{"href":"https:\/\/www.enecon.net.co\/web\/wp-json\/wp\/v2\/pages"}],"about":[{"href":"https:\/\/www.enecon.net.co\/web\/wp-json\/wp\/v2\/types\/page"}],"author":[{"embeddable":true,"href":"https:\/\/www.enecon.net.co\/web\/wp-json\/wp\/v2\/users\/1"}],"replies":[{"embeddable":true,"href":"https:\/\/www.enecon.net.co\/web\/wp-json\/wp\/v2\/comments?post=1288"}],"version-history":[{"count":17,"href":"https:\/\/www.enecon.net.co\/web\/wp-json\/wp\/v2\/pages\/1288\/revisions"}],"predecessor-version":[{"id":1555,"href":"https:\/\/www.enecon.net.co\/web\/wp-json\/wp\/v2\/pages\/1288\/revisions\/1555"}],"wp:attachment":[{"href":"https:\/\/www.enecon.net.co\/web\/wp-json\/wp\/v2\/media?parent=1288"}],"curies":[{"name":"wp","href":"https:\/\/api.w.org\/{rel}","templated":true}]}}