{"id":1081,"date":"2023-05-17T08:30:26","date_gmt":"2023-05-17T13:30:26","guid":{"rendered":"https:\/\/www.enecon.net.co\/web\/?page_id=1081"},"modified":"2025-12-05T15:44:17","modified_gmt":"2025-12-05T20:44:17","slug":"sistema-de-gestion-integrado","status":"publish","type":"page","link":"https:\/\/www.enecon.net.co\/web\/sistema-de-gestion-integrado\/","title":{"rendered":"Sistema de Gesti\u00f3n Integrado"},"content":{"rendered":"\n<div class=\"wp-block-columns is-layout-flex wp-container-core-columns-is-layout-9d6595d7 wp-block-columns-is-layout-flex\">\n<div class=\"wp-block-column is-layout-flow wp-block-column-is-layout-flow\">\n<h2 class=\"wp-block-heading\">Objetivos SIG<\/h2>\n\n\n\n<ol class=\"wp-block-list\">\n<li>Mantener un crecimiento en ventas por a\u00f1o lectivo.<\/li>\n\n\n\n<li>Fomentar la sostenibilidad de la empresa y su rentabilidad.<\/li>\n\n\n\n<li>Gestionar los riesgos y oportunidades en todos los procesos, para asegurar que el SIG logre los resultados previstos.<\/li>\n\n\n\n<li>Asegurar que los colaboradores de la organizaci\u00f3n cumplan con las competencias establecidas en los perfiles de cargo, con base a la evaluaci\u00f3n de desempe\u00f1o.<\/li>\n\n\n\n<li>Fortalecer los procesos para satisfacer las exigencias y necesidades de las partes interesadas, prestando un servicio oportuno y confiable.<\/li>\n\n\n\n<li>Asegurar el funcionamiento eficaz de cadena de abastecimiento para soportar el cumplimiento de los proyectos, garantizando disponibilidad y confiabilidad de los requerimientos.<\/li>\n\n\n\n<li>Asegurar acciones eficaces para evitar, reducir o controlar los aspectos ambientales significativos o relevantes asociados a las actividades y operaciones de la organizaci\u00f3n, que puedan generar impactos al medio ambiente y contribuir con el cambio clim\u00e1tico.<\/li>\n\n\n\n<li>Ejecutar acciones eficaces para controlar los peligros\/riesgos que amenacen la seguridad y salud en el trabajo de los colaboradores y visitantes.<\/li>\n\n\n\n<li>Promover h\u00e1bitos y comportamientos seguros para mejorar la seguridad vial en la organizaci\u00f3n y proteger la vida e integridad de los colaboradores, actores viales y la comunidad en general, mediante la implementaci\u00f3n efectiva de programas y acciones preventivas y correctivas que aborden los riesgos asociados al PESV.<\/li>\n\n\n\n<li>Garantizar el cumplimiento de los requisitos normativos, legales, reglamentarios y contractuales, aplicables en materia de seguridad y salud en el trabajo, gesti\u00f3n ambiental, calidad y seguridad vial.<\/li>\n\n\n\n<li>Lograr un cumplimiento de entregas completas y a tiempo, para asegurar la satisfacci\u00f3n del cliente.<\/li>\n\n\n\n<li>Medir el impacto de las acciones correctivas y otras acciones para la mejora implementadas en la organizaci\u00f3n.<\/li>\n\n\n\n<li>Promover el mejoramiento continuo del Sistema Integrado de Gesti\u00f3n a trav\u00e9s de los m\u00e9todos de seguimiento, medici\u00f3n, an\u00e1lisis y evaluaci\u00f3n.<\/li>\n<\/ol>\n\n\n\n<hr class=\"wp-block-separator has-alpha-channel-opacity\"\/>\n\n\n\n<p><strong>Diego Alejandro Montoya Casta\u00f1o<\/strong><br>Presidente del COPASST<\/p>\n\n\n\n<p><strong>Luis Alfredo Torres Salas<\/strong><br>Gerente General<br><em>Fecha de Actualizaci\u00f3n: Marzo de 202<\/em>5<\/p>\n<\/div>\n\n\n\n<div class=\"wp-block-column is-layout-flow wp-block-column-is-layout-flow\">\n<h2 class=\"wp-block-heading\">Pol\u00edticas SIG<\/h2>\n\n\n\n<p>ENECON S.A.S implementa y mantiene el Sistema Integrado de Gesti\u00f3n (SIG) incorporando el enfoque basado en procesos, la gesti\u00f3n del riesgo y la convicci\u00f3n frente al desarrollo sostenible, con el apoyo de un talento humano competente y una infraestructura t\u00e9cnicamente adecuada. Para ello se compromete con las siguientes directrices:<\/p>\n\n\n\n<ul class=\"wp-block-list\">\n<li>Prestar un servicio oportuno y confiable.<\/li>\n\n\n\n<li>Identificar los aspectos ambientales asociados al desarrollo de nuestras actividades a fin de minimizar, controlar y\/o mitigar los impactos ambientales, mediante la implementaci\u00f3n de pr\u00e1cticas para la prevenci\u00f3n de la contaminaci\u00f3n, la protecci\u00f3n del medio ambiente y la gesti\u00f3n responsable del cambio clim\u00e1tico.<\/li>\n\n\n\n<li>Proporcionar condiciones de trabajo seguras y saludables para prevenir lesiones y deterioro de la salud de nuestros colaboradores y visitantes, procurando un bienestar f\u00edsico, mental y social.<\/li>\n\n\n\n<li>Identificar los peligros, evaluar y valorar los riesgos, y establecer medidas de prevenci\u00f3n y control dirigidas a eliminar los peligros y reducir riesgos, teniendo en cuenta la Jerarqu\u00eda de Controles.<\/li>\n\n\n\n<li>Liderar y promover una cultura de seguridad vial en toda la organizaci\u00f3n, que contribuya con la protecci\u00f3n de la vida y el bienestar de nuestros colaboradores, clientes y comunidad en general.<\/li>\n\n\n\n<li>Promover una formaci\u00f3n continua a nuestros colaboradores en medidas y pr\u00e1cticas en seguridad vial, generando conciencia de los riesgos viales y la adopci\u00f3n de comportamientos seguros con relaci\u00f3n a los desplazamientos misionales como en itineres.<\/li>\n\n\n\n<li>Asegurar el cumplimiento de los programas de gesti\u00f3n de riesgos, asociados a seguridad vial.<\/li>\n<\/ul>\n\n\n\n<p>Para facilitar su modelo de gesti\u00f3n se enfoca en el cumplimento de los objetivos del SIG, los requisitos normativos, legales reglamentarios y contractuales aplicables, la participaci\u00f3n y consulta de los colaboradores, la satisfacci\u00f3n de las necesidades y expectativas de las partes interesadas y el mejoramiento continuo del desempe\u00f1o de los procesos y el Sistema Integrado de Gesti\u00f3n.<\/p>\n\n\n\n<hr class=\"wp-block-separator has-alpha-channel-opacity\"\/>\n\n\n\n<p><strong>Luis Alfredo Torres Salas<\/strong><br>Gerente General<br><em>Fecha de Actualizaci\u00f3n: Marzo de 202<\/em>5<\/p>\n<\/div>\n<\/div>\n\n\n\n<div style=\"height:50px\" aria-hidden=\"true\" class=\"wp-block-spacer\"><\/div>\n\n\n\n<h2 class=\"wp-block-heading\">Mapa de Procesos<\/h2>\n\n\n\n<figure class=\"wp-block-gallery has-nested-images columns-default is-cropped wp-block-gallery-1 is-layout-flex wp-block-gallery-is-layout-flex\">\n<figure class=\"wp-block-image size-full is-style-default\"><img loading=\"lazy\" decoding=\"async\" width=\"1920\" height=\"939\" data-id=\"1782\" src=\"https:\/\/www.enecon.net.co\/web\/wp-content\/uploads\/2023\/07\/mapa-de-procesos-Enecon.jpg\" alt=\"Mapa de procesos Enecon\" class=\"wp-image-1782\" srcset=\"https:\/\/www.enecon.net.co\/web\/wp-content\/uploads\/2023\/07\/mapa-de-procesos-Enecon.jpg 1920w, https:\/\/www.enecon.net.co\/web\/wp-content\/uploads\/2023\/07\/mapa-de-procesos-Enecon-300x147.jpg 300w, https:\/\/www.enecon.net.co\/web\/wp-content\/uploads\/2023\/07\/mapa-de-procesos-Enecon-1024x501.jpg 1024w, https:\/\/www.enecon.net.co\/web\/wp-content\/uploads\/2023\/07\/mapa-de-procesos-Enecon-768x376.jpg 768w, https:\/\/www.enecon.net.co\/web\/wp-content\/uploads\/2023\/07\/mapa-de-procesos-Enecon-1536x751.jpg 1536w\" sizes=\"auto, (max-width: 1920px) 100vw, 1920px\" \/><\/figure>\n<\/figure>\n","protected":false},"excerpt":{"rendered":"<p>Objetivos SIG Diego Alejandro Montoya Casta\u00f1oPresidente del COPASST Luis Alfredo Torres SalasGerente GeneralFecha de Actualizaci\u00f3n: Marzo de 2025 Pol\u00edticas SIG ENECON S.A.S implementa y mantiene el Sistema Integrado de Gesti\u00f3n (SIG) incorporando el enfoque basado en procesos, la gesti\u00f3n del riesgo y la convicci\u00f3n frente al desarrollo sostenible, con el apoyo de un talento humano [&hellip;]<\/p>\n","protected":false},"author":1,"featured_media":1102,"parent":0,"menu_order":0,"comment_status":"closed","ping_status":"closed","template":"","meta":{"content-type":"","_joinchat":[],"footnotes":""},"class_list":["post-1081","page","type-page","status-publish","has-post-thumbnail","hentry"],"_links":{"self":[{"href":"https:\/\/www.enecon.net.co\/web\/wp-json\/wp\/v2\/pages\/1081","targetHints":{"allow":["GET"]}}],"collection":[{"href":"https:\/\/www.enecon.net.co\/web\/wp-json\/wp\/v2\/pages"}],"about":[{"href":"https:\/\/www.enecon.net.co\/web\/wp-json\/wp\/v2\/types\/page"}],"author":[{"embeddable":true,"href":"https:\/\/www.enecon.net.co\/web\/wp-json\/wp\/v2\/users\/1"}],"replies":[{"embeddable":true,"href":"https:\/\/www.enecon.net.co\/web\/wp-json\/wp\/v2\/comments?post=1081"}],"version-history":[{"count":29,"href":"https:\/\/www.enecon.net.co\/web\/wp-json\/wp\/v2\/pages\/1081\/revisions"}],"predecessor-version":[{"id":5367,"href":"https:\/\/www.enecon.net.co\/web\/wp-json\/wp\/v2\/pages\/1081\/revisions\/5367"}],"wp:featuredmedia":[{"embeddable":true,"href":"https:\/\/www.enecon.net.co\/web\/wp-json\/wp\/v2\/media\/1102"}],"wp:attachment":[{"href":"https:\/\/www.enecon.net.co\/web\/wp-json\/wp\/v2\/media?parent=1081"}],"curies":[{"name":"wp","href":"https:\/\/api.w.org\/{rel}","templated":true}]}}